{"id":12,"date":"2023-02-23T00:25:57","date_gmt":"2023-02-23T03:25:57","guid":{"rendered":"https:\/\/congressomineiro.com.br\/?page_id=12"},"modified":"2025-03-06T22:56:11","modified_gmt":"2025-03-07T01:56:11","slug":"apresentacao","status":"publish","type":"page","link":"https:\/\/cbraenn.com.br\/2025\/apresentacao\/","title":{"rendered":"Apresenta\u00e7\u00e3o"},"content":{"rendered":"\t\t<div data-elementor-type=\"wp-page\" data-elementor-id=\"12\" class=\"elementor elementor-12\" data-elementor-post-type=\"page\">\n\t\t\t\t\t\t<section class=\"elementor-section elementor-top-section elementor-element elementor-element-40fe562e elementor-section-height-min-height elementor-section-boxed elementor-section-height-default elementor-section-items-middle\" data-id=\"40fe562e\" data-element_type=\"section\" data-settings=\"{&quot;background_background&quot;:&quot;classic&quot;}\">\n\t\t\t\t\t\t\t<div class=\"elementor-background-overlay\"><\/div>\n\t\t\t\t\t\t\t<div class=\"elementor-container elementor-column-gap-default\">\n\t\t\t\t\t<div class=\"elementor-column elementor-col-100 elementor-top-column elementor-element elementor-element-1768ca9c\" data-id=\"1768ca9c\" data-element_type=\"column\">\n\t\t\t<div class=\"elementor-widget-wrap elementor-element-populated\">\n\t\t\t\t\t\t<div class=\"elementor-element elementor-element-98cf5ab elementor-hidden-mobile elementor-widget elementor-widget-heading\" data-id=\"98cf5ab\" data-element_type=\"widget\" data-widget_type=\"heading.default\">\n\t\t\t\t<div class=\"elementor-widget-container\">\n\t\t\t\t\t<h2 class=\"elementor-heading-title elementor-size-default\">08 e 09 de agosto de 2025, no Centro de Conven\u00e7\u00f5es Milenium, em Vila Mariana - SP<\/h2>\t\t\t\t<\/div>\n\t\t\t\t<\/div>\n\t\t\t\t\t<\/div>\n\t\t<\/div>\n\t\t\t\t\t<\/div>\n\t\t<\/section>\n\t\t\t\t<section class=\"elementor-section elementor-top-section elementor-element elementor-element-f3b7077 elementor-section-boxed elementor-section-height-default elementor-section-height-default\" data-id=\"f3b7077\" data-element_type=\"section\">\n\t\t\t\t\t\t<div class=\"elementor-container elementor-column-gap-default\">\n\t\t\t\t\t<div class=\"elementor-column elementor-col-100 elementor-top-column elementor-element elementor-element-ea14739\" data-id=\"ea14739\" data-element_type=\"column\">\n\t\t\t<div class=\"elementor-widget-wrap elementor-element-populated\">\n\t\t\t\t\t\t<div class=\"elementor-element elementor-element-0e2f3e6 elementor-widget elementor-widget-heading\" data-id=\"0e2f3e6\" data-element_type=\"widget\" data-widget_type=\"heading.default\">\n\t\t\t\t<div class=\"elementor-widget-container\">\n\t\t\t\t\t<h2 class=\"elementor-heading-title elementor-size-default\">Caros colegas,<\/h2>\t\t\t\t<\/div>\n\t\t\t\t<\/div>\n\t\t\t\t<div class=\"elementor-element elementor-element-1b9966e elementor-widget elementor-widget-text-editor\" data-id=\"1b9966e\" data-element_type=\"widget\" data-widget_type=\"text-editor.default\">\n\t\t\t\t<div class=\"elementor-widget-container\">\n\t\t\t\t\t\t\t\t\t<p>\u00c9 com entusiasmo que convido todos os profissionais da enfermagem e \u00e1reas afins a participarem do CBraENN 2025, o 1\u00ba Congresso Brasileiro de Enfermagem em Neurologia e Neurocirurgia, promovido pela Associa\u00e7\u00e3o Brasileira de Enfermagem em Neurologia e Neurocirurgia (ABENEURO). Este evento, que ocorrer\u00e1 nos dias 08 e 09 de agosto de 2025, no Centro de Conven\u00e7\u00f5es Milenium, em Vila Mariana &#8211; SP, representa uma oportunidade \u00fanica para o enriquecimento profissional e a troca de experi\u00eancias.<\/p><p>Sob o tema &#8220;Inova\u00e7\u00e3o, Evid\u00eancia e Excel\u00eancia: Transformando a Pr\u00e1tica de Enfermagem em Neurologia&#8221;, o congresso reunir\u00e1 especialistas renomados e profissionais dedicados que buscam atualizar seus conhecimentos e discutir as melhores pr\u00e1ticas na \u00e1rea. Ser\u00e1 um momento valioso para aprofundar-se nas inova\u00e7\u00f5es e evid\u00eancias que est\u00e3o moldando o futuro da enfermagem em neurologia e neurocirurgia.<\/p><p>A participa\u00e7\u00e3o no CBrENN 2025 n\u00e3o \u00e9 apenas uma oportunidade de aprendizado, mas tamb\u00e9m de conex\u00e3o. Voc\u00ea ter\u00e1 a chance de interagir com colegas, compartilhar experi\u00eancias e estabelecer parcerias que podem contribuir significativamente para o desenvolvimento da sua carreira e para a melhoria da pr\u00e1tica da enfermagem.<\/p><p>Contamos com sua presen\u00e7a para tornar este evento ainda mais especial. Junte-se a n\u00f3s nesta jornada transformadora e ajude a moldar o futuro da enfermagem em neurologia.<\/p>\t\t\t\t\t\t\t\t<\/div>\n\t\t\t\t<\/div>\n\t\t\t\t\t<\/div>\n\t\t<\/div>\n\t\t\t\t\t<\/div>\n\t\t<\/section>\n\t\t\t\t<section class=\"elementor-section elementor-top-section elementor-element elementor-element-ca706bc elementor-section-boxed elementor-section-height-default elementor-section-height-default\" data-id=\"ca706bc\" data-element_type=\"section\">\n\t\t\t\t\t\t<div class=\"elementor-container elementor-column-gap-default\">\n\t\t\t\t\t<div class=\"elementor-column elementor-col-100 elementor-top-column elementor-element elementor-element-1905d1f\" data-id=\"1905d1f\" data-element_type=\"column\">\n\t\t\t<div class=\"elementor-widget-wrap elementor-element-populated\">\n\t\t\t\t\t\t<section class=\"elementor-section elementor-inner-section elementor-element elementor-element-a2bef71 elementor-section-boxed elementor-section-height-default elementor-section-height-default\" data-id=\"a2bef71\" data-element_type=\"section\">\n\t\t\t\t\t\t<div class=\"elementor-container elementor-column-gap-default\">\n\t\t\t\t\t<div class=\"elementor-column elementor-col-33 elementor-inner-column elementor-element elementor-element-a8dc6d7\" data-id=\"a8dc6d7\" data-element_type=\"column\">\n\t\t\t<div class=\"elementor-widget-wrap elementor-element-populated\">\n\t\t\t\t\t\t<div class=\"elementor-element elementor-element-c08f994 elementor-position-left elementor-vertical-align-middle elementor-widget elementor-widget-image-box\" data-id=\"c08f994\" data-element_type=\"widget\" data-widget_type=\"image-box.default\">\n\t\t\t\t<div class=\"elementor-widget-container\">\n\t\t\t\t\t<div class=\"elementor-image-box-wrapper\"><figure class=\"elementor-image-box-img\"><img decoding=\"async\" src=\"https:\/\/abeneuro.org.br\/wp-content\/uploads\/2024\/12\/Rennan-Ribeiro-foto.jpg\" title=\"\" alt=\"\" loading=\"lazy\" \/><\/figure><div class=\"elementor-image-box-content\"><h3 class=\"elementor-image-box-title\">Rennan Ribeiro<\/h3><p class=\"elementor-image-box-description\">Presidente CBraENN 2025 <br \/>\nPresidente ABENEURO 2024-2027\n<\/p><\/div><\/div>\t\t\t\t<\/div>\n\t\t\t\t<\/div>\n\t\t\t\t\t<\/div>\n\t\t<\/div>\n\t\t\t\t<div class=\"elementor-column elementor-col-33 elementor-inner-column elementor-element elementor-element-6b02f4d\" data-id=\"6b02f4d\" data-element_type=\"column\">\n\t\t\t<div class=\"elementor-widget-wrap\">\n\t\t\t\t\t\t\t<\/div>\n\t\t<\/div>\n\t\t\t\t<div class=\"elementor-column elementor-col-33 elementor-inner-column elementor-element elementor-element-76e826f\" data-id=\"76e826f\" data-element_type=\"column\">\n\t\t\t<div class=\"elementor-widget-wrap\">\n\t\t\t\t\t\t\t<\/div>\n\t\t<\/div>\n\t\t\t\t\t<\/div>\n\t\t<\/section>\n\t\t\t\t\t<\/div>\n\t\t<\/div>\n\t\t\t\t\t<\/div>\n\t\t<\/section>\n\t\t\t\t<\/div>\n\t\t","protected":false},"excerpt":{"rendered":"<p>08 e 09 de agosto de 2025, no Centro de Conven\u00e7\u00f5es Milenium, em Vila Mariana &#8211; SP Caros colegas, \u00c9 com entusiasmo que convido todos os profissionais da enfermagem e \u00e1reas afins a participarem do CBraENN 2025, o 1\u00ba Congresso Brasileiro de Enfermagem em Neurologia e Neurocirurgia, promovido pela Associa\u00e7\u00e3o Brasileira de Enfermagem em Neurologia [&hellip;]<\/p>\n","protected":false},"author":1,"featured_media":0,"parent":0,"menu_order":0,"comment_status":"closed","ping_status":"closed","template":"elementor_header_footer","meta":{"footnotes":""},"class_list":["post-12","page","type-page","status-publish","hentry"],"aioseo_notices":[],"_links":{"self":[{"href":"https:\/\/cbraenn.com.br\/2025\/wp-json\/wp\/v2\/pages\/12","targetHints":{"allow":["GET"]}}],"collection":[{"href":"https:\/\/cbraenn.com.br\/2025\/wp-json\/wp\/v2\/pages"}],"about":[{"href":"https:\/\/cbraenn.com.br\/2025\/wp-json\/wp\/v2\/types\/page"}],"author":[{"embeddable":true,"href":"https:\/\/cbraenn.com.br\/2025\/wp-json\/wp\/v2\/users\/1"}],"replies":[{"embeddable":true,"href":"https:\/\/cbraenn.com.br\/2025\/wp-json\/wp\/v2\/comments?post=12"}],"version-history":[{"count":43,"href":"https:\/\/cbraenn.com.br\/2025\/wp-json\/wp\/v2\/pages\/12\/revisions"}],"predecessor-version":[{"id":1274,"href":"https:\/\/cbraenn.com.br\/2025\/wp-json\/wp\/v2\/pages\/12\/revisions\/1274"}],"wp:attachment":[{"href":"https:\/\/cbraenn.com.br\/2025\/wp-json\/wp\/v2\/media?parent=12"}],"curies":[{"name":"wp","href":"https:\/\/api.w.org\/{rel}","templated":true}]}}