{"id":1483,"date":"2025-06-12T10:25:11","date_gmt":"2025-06-12T13:25:11","guid":{"rendered":"https:\/\/cbraenn.com.br\/?page_id=1483"},"modified":"2025-06-24T13:40:25","modified_gmt":"2025-06-24T16:40:25","slug":"internacionais","status":"publish","type":"page","link":"https:\/\/cbraenn.com.br\/2025\/internacionais\/","title":{"rendered":"Palestrantes Internacionais"},"content":{"rendered":"\t\t<div data-elementor-type=\"wp-page\" data-elementor-id=\"1483\" class=\"elementor elementor-1483\" data-elementor-post-type=\"page\">\n\t\t\t\t\t\t<section class=\"elementor-section elementor-top-section elementor-element elementor-element-6aa52fac elementor-section-height-min-height elementor-section-boxed elementor-section-height-default elementor-section-items-middle\" data-id=\"6aa52fac\" data-element_type=\"section\" data-settings=\"{&quot;background_background&quot;:&quot;classic&quot;}\">\n\t\t\t\t\t\t\t<div class=\"elementor-background-overlay\"><\/div>\n\t\t\t\t\t\t\t<div class=\"elementor-container elementor-column-gap-default\">\n\t\t\t\t\t<div class=\"elementor-column elementor-col-100 elementor-top-column elementor-element elementor-element-470049f1\" data-id=\"470049f1\" data-element_type=\"column\">\n\t\t\t<div class=\"elementor-widget-wrap elementor-element-populated\">\n\t\t\t\t\t\t<div class=\"elementor-element elementor-element-69579bc6 elementor-hidden-mobile elementor-widget elementor-widget-heading\" data-id=\"69579bc6\" data-element_type=\"widget\" data-widget_type=\"heading.default\">\n\t\t\t\t<div class=\"elementor-widget-container\">\n\t\t\t\t\t<h2 class=\"elementor-heading-title elementor-size-default\">08 e 09 de agosto de 2025, no Centro de Conven\u00e7\u00f5es Milenium, em Vila Mariana - SP<\/h2>\t\t\t\t<\/div>\n\t\t\t\t<\/div>\n\t\t\t\t\t<\/div>\n\t\t<\/div>\n\t\t\t\t\t<\/div>\n\t\t<\/section>\n\t\t\t\t<section class=\"elementor-section elementor-top-section elementor-element elementor-element-1ea9a38 elementor-section-boxed elementor-section-height-default elementor-section-height-default\" data-id=\"1ea9a38\" data-element_type=\"section\">\n\t\t\t\t\t\t<div class=\"elementor-container elementor-column-gap-default\">\n\t\t\t\t\t<div class=\"elementor-column elementor-col-100 elementor-top-column elementor-element elementor-element-61e1d7e\" data-id=\"61e1d7e\" data-element_type=\"column\">\n\t\t\t<div class=\"elementor-widget-wrap elementor-element-populated\">\n\t\t\t\t\t\t<div class=\"elementor-element elementor-element-adb36fa elementor-widget elementor-widget-text-editor\" data-id=\"adb36fa\" data-element_type=\"widget\" data-widget_type=\"text-editor.default\">\n\t\t\t\t<div class=\"elementor-widget-container\">\n\t\t\t\t\t\t\t\t\t<p>Contaremos com a presen\u00e7a de palestrantes renomados, ministrando temas diversos da Terapia Intensiva<\/p><p><strong>Conhe\u00e7a nossos Palestrantes!<\/strong><\/p>\t\t\t\t\t\t\t\t<\/div>\n\t\t\t\t<\/div>\n\t\t\t\t\t<\/div>\n\t\t<\/div>\n\t\t\t\t\t<\/div>\n\t\t<\/section>\n\t\t\t\t<section class=\"elementor-section elementor-top-section elementor-element elementor-element-d4072b4 elementor-section-boxed elementor-section-height-default elementor-section-height-default\" data-id=\"d4072b4\" data-element_type=\"section\">\n\t\t\t\t\t\t<div class=\"elementor-container elementor-column-gap-default\">\n\t\t\t\t\t<div class=\"elementor-column elementor-col-25 elementor-top-column elementor-element elementor-element-20c8d4d\" data-id=\"20c8d4d\" data-element_type=\"column\">\n\t\t\t<div class=\"elementor-widget-wrap\">\n\t\t\t\t\t\t\t<\/div>\n\t\t<\/div>\n\t\t\t\t<div class=\"elementor-column elementor-col-25 elementor-top-column elementor-element elementor-element-93bd4a0\" data-id=\"93bd4a0\" data-element_type=\"column\">\n\t\t\t<div class=\"elementor-widget-wrap elementor-element-populated\">\n\t\t\t\t\t\t<div class=\"elementor-element elementor-element-b0ba228 elementor-widget elementor-widget-elementskit-team\" data-id=\"b0ba228\" data-element_type=\"widget\" data-widget_type=\"elementskit-team.default\">\n\t\t\t\t<div class=\"elementor-widget-container\">\n\t\t\t\t\t<div class=\"ekit-wid-con\">\t\t\t\t\t\t\t\t\n\t\t<div class=\"profile-card elementor-animation- text-center ekit-team-style-default\">\n\t\t\t\t\t\t\t<a aria-label=\"profile\" href=\"javascript:void(0)\" data-mfp-src=\"#ekit_team_modal_b0ba228_1483\" class=\"ekit-team-popup\">\n\t\t\t\n\t\t\t\t<div class=\"profile-header ekit-team-img ekit-img-overlay ekit-team-img-block\"  data-toggle=\"modal\" data-target=\"ekit_team_modal_#b0ba228_1483\" >\n\t\t\t\t\t<img decoding=\"async\" src=\"https:\/\/cbraenn.com.br\/2025\/wp-content\/uploads\/elementor\/thumbs\/Cartwright-Cathy-foto-r77pvrjkn37flzzl67au1me54op9wy5cs57ynxn2kw.jpg\" title=\"Cartwright Cathy foto\" alt=\"Cartwright Cathy foto\" loading=\"lazy\" \/>\t\t\t\t<\/div><!-- .profile-header END -->\n\t\t\t\t\t\t\t<\/a>\n\t\t\t\n\n\t\t\t\t<div class=\"profile-body\">\n\t\t\t\t\t\n\t\t\t\t\t<h2 class=\"profile-title\">\n\t\t\t\t\t\t\t\t\t\t\t<a aria-label=\"profile\" href=\"javascript:void(0)\" data-mfp-src=\"#ekit_team_modal_b0ba228_1483\" class=\"ekit-team-popup\">\n\t\t\t\t\t\tCathy Cartwright\t\t\t\t\t\t<\/a>\n\t\t\t\t\t\t\t\t\t\t\t<\/h2>\n\t\t\t\t\t<p class=\"profile-designation\">Ver curr\u00edculo<\/p>\n\t\t\t\t\t\t\t\t\t<\/div><!-- .profile-body END -->\n\n\t\t\t\t\t\t\t\t<\/div>\n\t\t\t\t\t\t\t\n\t\t\t\n\t\t\t\t\t<div class=\"zoom-anim-dialog mfp-hide elementskit-team-popup team-popup-id-b0ba228\" id=\"ekit_team_modal_b0ba228_1483\" tabindex=\"-1\" role=\"dialog\" aria-hidden=\"true\">\n\t\t\t\t<div class=\"modal-dialog modal-dialog-centered\" role=\"document\">\n\t\t\t\t\t<div class=\"modal-content\">\n\t\t\t\t\t\t<button type=\"button\" class=\"ekit-team-modal-close\">\n\t\t\t\t\t\t\t<i aria-hidden=\"true\" class=\"fas fa-times\"><\/i>\t\t\t\t\t\t<\/button>\n\n\t\t\t\t\t\t<div class=\"modal-body\">\n\t\t\t\t\t\t\t\t\t\t\t\t\t\t\t<div class=\"ekit-team-modal-img\">\n\t\t\t\t\t\t\t\t\t<img decoding=\"async\" src=\"https:\/\/cbraenn.com.br\/2025\/wp-content\/uploads\/elementor\/thumbs\/Cartwright-Cathy-foto-r77pvrjkn37flzzl67au1me54op9wy5cs57ynxn2kw.jpg\" title=\"Cartwright Cathy foto\" alt=\"Cartwright Cathy foto\" loading=\"lazy\" \/>\t\t\t\t\t\t\t\t<\/div>\n\t\t\t\t\t\t\t\n\t\t\t\t\t\t\t<div class=\"ekit-team-modal-info has-img\">\n\t\t\t\t\t\t\t\t<h2 class=\"ekit-team-modal-title\">Cathy Cartwright<\/h2>\n\t\t\t\t\t\t\t\t<p class=\"ekit-team-modal-position\">Ver curr\u00edculo<\/p>\n\n\t\t\t\t\t\t\t\t<div class=\"ekit-team-modal-content\">\n\t\t\t\t\t\t\t\t\tDr. Cathy Cartwright is a Pediatric Clinical Nurse Specialist from Columbia, Missouri, USA, with 20 years\u2019 experience in pediatric neurosurger<br>\nShe is the current president of the World Federation of Neuroscience Nurses, past president of the American Association of Neuroscience Nurses, co-editor of the three editions of the book<br>\nNursing Care of the Pediatric Neurosurgery Patient, and a Fellow in the American Academy of Nursing\n\t\t\t\t\t\t\t\t<\/div>\n\n\t\t\t\t\t\t\t\t\n\t\t\t\t\t\t\t\t\t\t\t\t\t\t\t<\/div>\n\t\t\t\t\t\t<\/div>\n\t\t\t\t\t<\/div>\n\t\t\t\t<\/div>\n\t\t\t<\/div>\n\t\t\t\t<\/div>\t\t\t\t<\/div>\n\t\t\t\t<\/div>\n\t\t\t\t\t<\/div>\n\t\t<\/div>\n\t\t\t\t<div class=\"elementor-column elementor-col-25 elementor-top-column elementor-element elementor-element-7e8ffec\" data-id=\"7e8ffec\" data-element_type=\"column\">\n\t\t\t<div class=\"elementor-widget-wrap elementor-element-populated\">\n\t\t\t\t\t\t<div class=\"elementor-element elementor-element-8db3495 elementor-widget elementor-widget-elementskit-team\" data-id=\"8db3495\" data-element_type=\"widget\" data-widget_type=\"elementskit-team.default\">\n\t\t\t\t<div class=\"elementor-widget-container\">\n\t\t\t\t\t<div class=\"ekit-wid-con\">\t\t\t\t\t\t\t\t\n\t\t<div class=\"profile-card elementor-animation- text-center ekit-team-style-default\">\n\t\t\t\t\t\t\t<a aria-label=\"profile\" href=\"javascript:void(0)\" data-mfp-src=\"#ekit_team_modal_8db3495_1483\" class=\"ekit-team-popup\">\n\t\t\t\n\t\t\t\t<div class=\"profile-header ekit-team-img ekit-img-overlay ekit-team-img-block\"  data-toggle=\"modal\" data-target=\"ekit_team_modal_#8db3495_1483\" >\n\t\t\t\t\t<img decoding=\"async\" src=\"https:\/\/cbraenn.com.br\/2025\/wp-content\/uploads\/elementor\/thumbs\/Rachel-Malloy-foto-scaled-r77pyhasdux95g1lbdk18xq2wrbg5gxftl2gkpm4ls.jpg\" title=\"Rachel Malloy foto\" alt=\"Rachel Malloy foto\" loading=\"lazy\" \/>\t\t\t\t<\/div><!-- .profile-header END -->\n\t\t\t\t\t\t\t<\/a>\n\t\t\t\n\n\t\t\t\t<div class=\"profile-body\">\n\t\t\t\t\t\n\t\t\t\t\t<h2 class=\"profile-title\">\n\t\t\t\t\t\t\t\t\t\t\t<a aria-label=\"profile\" href=\"javascript:void(0)\" data-mfp-src=\"#ekit_team_modal_8db3495_1483\" class=\"ekit-team-popup\">\n\t\t\t\t\t\tRachel Malloy\t\t\t\t\t\t<\/a>\n\t\t\t\t\t\t\t\t\t\t\t<\/h2>\n\t\t\t\t\t<p class=\"profile-designation\">Ver curr\u00edculo<\/p>\n\t\t\t\t\t\t\t\t\t<\/div><!-- .profile-body END -->\n\n\t\t\t\t\t\t\t\t<\/div>\n\t\t\t\t\t\t\t\n\t\t\t\n\t\t\t\t\t<div class=\"zoom-anim-dialog mfp-hide elementskit-team-popup team-popup-id-8db3495\" id=\"ekit_team_modal_8db3495_1483\" tabindex=\"-1\" role=\"dialog\" aria-hidden=\"true\">\n\t\t\t\t<div class=\"modal-dialog modal-dialog-centered\" role=\"document\">\n\t\t\t\t\t<div class=\"modal-content\">\n\t\t\t\t\t\t<button type=\"button\" class=\"ekit-team-modal-close\">\n\t\t\t\t\t\t\t<i aria-hidden=\"true\" class=\"fas fa-times\"><\/i>\t\t\t\t\t\t<\/button>\n\n\t\t\t\t\t\t<div class=\"modal-body\">\n\t\t\t\t\t\t\t\t\t\t\t\t\t\t\t<div class=\"ekit-team-modal-img\">\n\t\t\t\t\t\t\t\t\t<img decoding=\"async\" src=\"https:\/\/cbraenn.com.br\/2025\/wp-content\/uploads\/elementor\/thumbs\/Rachel-Malloy-foto-scaled-r77pyhasdux95g1lbdk18xq2wrbg5gxftl2gkpm4ls.jpg\" title=\"Rachel Malloy foto\" alt=\"Rachel Malloy foto\" loading=\"lazy\" \/>\t\t\t\t\t\t\t\t<\/div>\n\t\t\t\t\t\t\t\n\t\t\t\t\t\t\t<div class=\"ekit-team-modal-info has-img\">\n\t\t\t\t\t\t\t\t<h2 class=\"ekit-team-modal-title\">Rachel Malloy<\/h2>\n\t\t\t\t\t\t\t\t<p class=\"ekit-team-modal-position\">Ver curr\u00edculo<\/p>\n\n\t\t\t\t\t\t\t\t<div class=\"ekit-team-modal-content\">\n\t\t\t\t\t\t\t\t\tRachel Malloy, DNP, RN, CNRN, SCRN, specializes in acute brain injury and cerebral dynamics With 25 years of neuroscience nursing experience, she leads clinical development at a neurodiagnostic medical device company<br>\nA fierce advocate for nursing, Rachel believes media engagement is key to elevating the profession<br>\nShe currently serves as Secretary-Treasurer of the American Association of Neuroscience Nurses\n\t\t\t\t\t\t\t\t<\/div>\n\n\t\t\t\t\t\t\t\t\n\t\t\t\t\t\t\t\t\t\t\t\t\t\t\t<\/div>\n\t\t\t\t\t\t<\/div>\n\t\t\t\t\t<\/div>\n\t\t\t\t<\/div>\n\t\t\t<\/div>\n\t\t\t\t<\/div>\t\t\t\t<\/div>\n\t\t\t\t<\/div>\n\t\t\t\t\t<\/div>\n\t\t<\/div>\n\t\t\t\t<div class=\"elementor-column elementor-col-25 elementor-top-column elementor-element elementor-element-be14200\" data-id=\"be14200\" data-element_type=\"column\">\n\t\t\t<div class=\"elementor-widget-wrap\">\n\t\t\t\t\t\t\t<\/div>\n\t\t<\/div>\n\t\t\t\t\t<\/div>\n\t\t<\/section>\n\t\t\t\t<\/div>\n\t\t","protected":false},"excerpt":{"rendered":"<p>08 e 09 de agosto de 2025, no Centro de Conven\u00e7\u00f5es Milenium, em Vila Mariana &#8211; SP Contaremos com a presen\u00e7a de palestrantes renomados, ministrando temas diversos da Terapia Intensiva Conhe\u00e7a nossos Palestrantes! Cathy Cartwright Ver curr\u00edculo Cathy Cartwright Ver curr\u00edculo Dr. Cathy Cartwright is a Pediatric Clinical Nurse Specialist from Columbia, Missouri, USA, with [&hellip;]<\/p>\n","protected":false},"author":1,"featured_media":0,"parent":0,"menu_order":0,"comment_status":"closed","ping_status":"closed","template":"elementor_header_footer","meta":{"footnotes":""},"class_list":["post-1483","page","type-page","status-publish","hentry"],"aioseo_notices":[],"_links":{"self":[{"href":"https:\/\/cbraenn.com.br\/2025\/wp-json\/wp\/v2\/pages\/1483","targetHints":{"allow":["GET"]}}],"collection":[{"href":"https:\/\/cbraenn.com.br\/2025\/wp-json\/wp\/v2\/pages"}],"about":[{"href":"https:\/\/cbraenn.com.br\/2025\/wp-json\/wp\/v2\/types\/page"}],"author":[{"embeddable":true,"href":"https:\/\/cbraenn.com.br\/2025\/wp-json\/wp\/v2\/users\/1"}],"replies":[{"embeddable":true,"href":"https:\/\/cbraenn.com.br\/2025\/wp-json\/wp\/v2\/comments?post=1483"}],"version-history":[{"count":16,"href":"https:\/\/cbraenn.com.br\/2025\/wp-json\/wp\/v2\/pages\/1483\/revisions"}],"predecessor-version":[{"id":1700,"href":"https:\/\/cbraenn.com.br\/2025\/wp-json\/wp\/v2\/pages\/1483\/revisions\/1700"}],"wp:attachment":[{"href":"https:\/\/cbraenn.com.br\/2025\/wp-json\/wp\/v2\/media?parent=1483"}],"curies":[{"name":"wp","href":"https:\/\/api.w.org\/{rel}","templated":true}]}}