{"id":20,"date":"2023-02-23T00:27:33","date_gmt":"2023-02-23T03:27:33","guid":{"rendered":"https:\/\/congressomineiro.com.br\/?page_id=20"},"modified":"2025-07-13T11:19:30","modified_gmt":"2025-07-13T14:19:30","slug":"inscricoes","status":"publish","type":"page","link":"https:\/\/cbraenn.com.br\/2025\/inscricoes\/","title":{"rendered":"Inscri\u00e7\u00f5es"},"content":{"rendered":"\t\t<div data-elementor-type=\"wp-page\" data-elementor-id=\"20\" class=\"elementor elementor-20\" data-elementor-post-type=\"page\">\n\t\t\t\t\t\t<section class=\"elementor-section elementor-top-section elementor-element elementor-element-348b530a elementor-section-height-min-height elementor-section-boxed elementor-section-height-default elementor-section-items-middle\" data-id=\"348b530a\" data-element_type=\"section\" data-settings=\"{&quot;background_background&quot;:&quot;classic&quot;}\">\n\t\t\t\t\t\t\t<div class=\"elementor-background-overlay\"><\/div>\n\t\t\t\t\t\t\t<div class=\"elementor-container elementor-column-gap-default\">\n\t\t\t\t\t<div class=\"elementor-column elementor-col-100 elementor-top-column elementor-element elementor-element-42fbf91e\" data-id=\"42fbf91e\" data-element_type=\"column\">\n\t\t\t<div class=\"elementor-widget-wrap elementor-element-populated\">\n\t\t\t\t\t\t<div class=\"elementor-element elementor-element-1a6e6229 elementor-hidden-mobile elementor-widget elementor-widget-heading\" data-id=\"1a6e6229\" data-element_type=\"widget\" data-widget_type=\"heading.default\">\n\t\t\t\t<div class=\"elementor-widget-container\">\n\t\t\t\t\t<h2 class=\"elementor-heading-title elementor-size-default\">08 e 09 de agosto de 2025, no Centro de Conven\u00e7\u00f5es Milenium, em Vila Mariana - SP<\/h2>\t\t\t\t<\/div>\n\t\t\t\t<\/div>\n\t\t\t\t\t<\/div>\n\t\t<\/div>\n\t\t\t\t\t<\/div>\n\t\t<\/section>\n\t\t\t\t<section class=\"elementor-section elementor-top-section elementor-element elementor-element-38e582df elementor-section-content-middle elementor-section-boxed elementor-section-height-default elementor-section-height-default\" data-id=\"38e582df\" data-element_type=\"section\">\n\t\t\t\t\t\t<div class=\"elementor-container elementor-column-gap-no\">\n\t\t\t\t\t<div class=\"elementor-column elementor-col-100 elementor-top-column elementor-element elementor-element-327a840f\" data-id=\"327a840f\" data-element_type=\"column\">\n\t\t\t<div class=\"elementor-widget-wrap elementor-element-populated\">\n\t\t\t\t\t\t<section class=\"elementor-section elementor-inner-section elementor-element elementor-element-2e9b1df0 elementor-hidden-desktop elementor-hidden-tablet elementor-hidden-mobile elementor-section-boxed elementor-section-height-default elementor-section-height-default\" data-id=\"2e9b1df0\" data-element_type=\"section\">\n\t\t\t\t\t\t<div class=\"elementor-container elementor-column-gap-default\">\n\t\t\t\t\t<div class=\"elementor-column elementor-col-33 elementor-inner-column elementor-element elementor-element-2b642539\" data-id=\"2b642539\" data-element_type=\"column\">\n\t\t\t<div class=\"elementor-widget-wrap\">\n\t\t\t\t\t\t\t<\/div>\n\t\t<\/div>\n\t\t\t\t<div class=\"elementor-column elementor-col-33 elementor-inner-column elementor-element elementor-element-180e63a8\" data-id=\"180e63a8\" data-element_type=\"column\">\n\t\t\t<div class=\"elementor-widget-wrap elementor-element-populated\">\n\t\t\t\t\t\t<div class=\"elementor-element elementor-element-593b952a elementor-align-justify elementor-tablet-align-center elementor-mobile-align-justify elementor-hidden-desktop elementor-hidden-tablet elementor-hidden-mobile elementor-invisible elementor-widget elementor-widget-button\" data-id=\"593b952a\" data-element_type=\"widget\" data-settings=\"{&quot;_animation&quot;:&quot;fadeInUp&quot;,&quot;_animation_delay&quot;:200}\" data-widget_type=\"button.default\">\n\t\t\t\t<div class=\"elementor-widget-container\">\n\t\t\t\t\t\t\t\t\t<div class=\"elementor-button-wrapper\">\n\t\t\t\t\t<a class=\"elementor-button elementor-button-link elementor-size-lg elementor-animation-sink\" href=\"#elementor-action%3Aaction%3Dpopup%3Aopen%26settings%3DeyJpZCI6IjM2NCIsInRvZ2dsZSI6ZmFsc2V9\">\n\t\t\t\t\t\t<span class=\"elementor-button-content-wrapper\">\n\t\t\t\t\t\t<span class=\"elementor-button-icon\">\n\t\t\t\t<i aria-hidden=\"true\" class=\"far fa-address-card\"><\/i>\t\t\t<\/span>\n\t\t\t\t\t\t\t\t\t<span class=\"elementor-button-text\">Iniciar Inscri\u00e7\u00e3o agora<\/span>\n\t\t\t\t\t<\/span>\n\t\t\t\t\t<\/a>\n\t\t\t\t<\/div>\n\t\t\t\t\t\t\t\t<\/div>\n\t\t\t\t<\/div>\n\t\t\t\t\t<\/div>\n\t\t<\/div>\n\t\t\t\t<div class=\"elementor-column elementor-col-33 elementor-inner-column elementor-element elementor-element-22fbf002\" data-id=\"22fbf002\" data-element_type=\"column\">\n\t\t\t<div class=\"elementor-widget-wrap\">\n\t\t\t\t\t\t\t<\/div>\n\t\t<\/div>\n\t\t\t\t\t<\/div>\n\t\t<\/section>\n\t\t\t\t<div class=\"elementor-element elementor-element-cbca5ce elementor-widget elementor-widget-text-editor\" data-id=\"cbca5ce\" data-element_type=\"widget\" data-widget_type=\"text-editor.default\">\n\t\t\t\t<div class=\"elementor-widget-container\">\n\t\t\t\t\t\t\t\t\t<p style=\"text-align: center;\"><span style=\"color: #000000;\"><strong>CONGRESSO<\/strong><\/span><\/p><p><img fetchpriority=\"high\" decoding=\"async\" class=\"aligncenter wp-image-1865 size-full\" src=\"https:\/\/cbraenn.com.br\/2025\/wp-content\/uploads\/2025\/07\/1-CONGRESSO.png\" alt=\"\" width=\"675\" height=\"351\" srcset=\"https:\/\/cbraenn.com.br\/2025\/wp-content\/uploads\/2025\/07\/1-CONGRESSO.png 675w, https:\/\/cbraenn.com.br\/2025\/wp-content\/uploads\/2025\/07\/1-CONGRESSO-300x156.png 300w\" sizes=\"(max-width: 675px) 100vw, 675px\" \/><\/p><hr \/><p style=\"text-align: center;\"><strong><span style=\"color: #000000;\">COMBOS<\/span><\/strong><\/p><p style=\"text-align: center;\"><strong>MANH\u00c3 &#8211; 09h &#8211; 13h<\/strong><\/p><p>&#8211; Curso 01 | Hands-On: Monitoriza\u00e7\u00e3o Neurol\u00f3gica Multimodal N\u00e3o Invasiva<br \/>&#8211; \u2060Curso 03 | Hands-On: Terapias de reperfus\u00e3o no AVC-I <br \/>&#8211; \u2060Curso 05 | Disfagia e Suporte nutricional no paciente neurol\u00f3gico<\/p><p style=\"text-align: center;\"><strong>TARDE &#8211; 14h &#8211; 18h<\/strong><\/p><p>&#8211; Curso 02 | Protagonismo do Enfermeiro na Gest\u00e3o do Cuidado em Reabilita\u00e7\u00e3o<br \/>&#8211; Curso 04 | Cuidados p\u00f3s-operat\u00f3rio em neurocirurgia: curativos, drenos e cat\u00e9teres<br \/>&#8211; \u2060Curso 06 | Hands-On: Como organizar a linha de cuidado do AVC (estrutura \u2013 processos e resultados)<br \/>&#8211; \u2060Curso 07 | Hands-On: Terapias infusionais nas doen\u00e7as desmielinzantes<br \/>&#8211; \u2060Curso 08 | Hands-On: Atua\u00e7\u00e3o da enfermagem na epilepsia e crises convulsivas<\/p><p><img decoding=\"async\" class=\"aligncenter wp-image-1867 size-full\" src=\"https:\/\/cbraenn.com.br\/2025\/wp-content\/uploads\/2025\/07\/3-COMBO-1.png\" alt=\"\" width=\"676\" height=\"357\" srcset=\"https:\/\/cbraenn.com.br\/2025\/wp-content\/uploads\/2025\/07\/3-COMBO-1.png 676w, https:\/\/cbraenn.com.br\/2025\/wp-content\/uploads\/2025\/07\/3-COMBO-1-300x158.png 300w\" sizes=\"(max-width: 676px) 100vw, 676px\" \/><\/p><p><img decoding=\"async\" class=\"aligncenter wp-image-1868 size-full\" src=\"https:\/\/cbraenn.com.br\/2025\/wp-content\/uploads\/2025\/07\/3-COMBO-2.png\" alt=\"\" width=\"680\" height=\"353\" srcset=\"https:\/\/cbraenn.com.br\/2025\/wp-content\/uploads\/2025\/07\/3-COMBO-2.png 680w, https:\/\/cbraenn.com.br\/2025\/wp-content\/uploads\/2025\/07\/3-COMBO-2-300x156.png 300w\" sizes=\"(max-width: 680px) 100vw, 680px\" \/><\/p><hr \/><p style=\"text-align: center;\"><span style=\"color: #000000;\"><strong>CURSOS<\/strong><\/span><\/p><p style=\"text-align: center;\"><strong>MANH\u00c3 &#8211; 09h &#8211; 13h<\/strong><\/p><p>&#8211; Curso 01 | Hands-On: Monitoriza\u00e7\u00e3o Neurol\u00f3gica Multimodal N\u00e3o Invasiva<br \/>&#8211; \u2060Curso 03 | Hands-On: Terapias de reperfus\u00e3o no AVC-I <br \/>&#8211; \u2060Curso 05 | Disfagia e Suporte nutricional no paciente neurol\u00f3gico<\/p><p style=\"text-align: center;\"><strong>TARDE &#8211; 14h &#8211; 18h<\/strong><\/p><p>&#8211; Curso 02 | Protagonismo do Enfermeiro na Gest\u00e3o do Cuidado em Reabilita\u00e7\u00e3o<br \/>&#8211; Curso 04 | Cuidados p\u00f3s-operat\u00f3rio em neurocirurgia: curativos, drenos e cat\u00e9teres<br \/>&#8211; \u2060Curso 06 | Hands-On: Como organizar a linha de cuidado do AVC (estrutura \u2013 processos e resultados)<br \/>&#8211; \u2060Curso 07 | Hands-On: Terapias infusionais nas doen\u00e7as desmielinzantes<br \/>&#8211; \u2060Curso 08 | Hands-On: Atua\u00e7\u00e3o da enfermagem na epilepsia e crises convulsivas<\/p><p><img loading=\"lazy\" decoding=\"async\" class=\"aligncenter wp-image-1866 size-full\" src=\"https:\/\/cbraenn.com.br\/2025\/wp-content\/uploads\/2025\/07\/2-ESCOLHA1CURSO.png\" alt=\"\" width=\"677\" height=\"369\" srcset=\"https:\/\/cbraenn.com.br\/2025\/wp-content\/uploads\/2025\/07\/2-ESCOLHA1CURSO.png 677w, https:\/\/cbraenn.com.br\/2025\/wp-content\/uploads\/2025\/07\/2-ESCOLHA1CURSO-300x164.png 300w\" sizes=\"(max-width: 677px) 100vw, 677px\" \/><\/p><p><img loading=\"lazy\" decoding=\"async\" class=\"aligncenter wp-image-1869 size-full\" src=\"https:\/\/cbraenn.com.br\/2025\/wp-content\/uploads\/2025\/07\/2-ESCOLHA-2-CURSOS.png\" alt=\"\" width=\"678\" height=\"375\" srcset=\"https:\/\/cbraenn.com.br\/2025\/wp-content\/uploads\/2025\/07\/2-ESCOLHA-2-CURSOS.png 678w, https:\/\/cbraenn.com.br\/2025\/wp-content\/uploads\/2025\/07\/2-ESCOLHA-2-CURSOS-300x166.png 300w\" sizes=\"(max-width: 678px) 100vw, 678px\" \/><\/p>\t\t\t\t\t\t\t\t<\/div>\n\t\t\t\t<\/div>\n\t\t\t\t\t<\/div>\n\t\t<\/div>\n\t\t\t\t\t<\/div>\n\t\t<\/section>\n\t\t\t\t<section class=\"elementor-section elementor-top-section elementor-element elementor-element-6548c0bc elementor-section-height-min-height elementor-section-stretched elementor-section-boxed elementor-section-height-default elementor-section-items-middle\" data-id=\"6548c0bc\" data-element_type=\"section\" data-settings=\"{&quot;stretch_section&quot;:&quot;section-stretched&quot;}\">\n\t\t\t\t\t\t<div class=\"elementor-container elementor-column-gap-default\">\n\t\t\t\t\t<div class=\"elementor-column elementor-col-100 elementor-top-column elementor-element elementor-element-2548bf6\" data-id=\"2548bf6\" data-element_type=\"column\">\n\t\t\t<div class=\"elementor-widget-wrap elementor-element-populated\">\n\t\t\t\t\t\t<div class=\"elementor-element elementor-element-3874838e elementor-tabs-alignment-stretch elementor-tabs-view-horizontal elementor-widget elementor-widget-tabs\" data-id=\"3874838e\" data-element_type=\"widget\" data-widget_type=\"tabs.default\">\n\t\t\t\t<div class=\"elementor-widget-container\">\n\t\t\t\t\t\t\t<div class=\"elementor-tabs\">\n\t\t\t<div class=\"elementor-tabs-wrapper\" role=\"tablist\" >\n\t\t\t\t\t\t\t\t\t<div id=\"elementor-tab-title-9471\" class=\"elementor-tab-title elementor-tab-desktop-title\" aria-selected=\"true\" data-tab=\"1\" role=\"tab\" tabindex=\"0\" aria-controls=\"elementor-tab-content-9471\" aria-expanded=\"false\">Formas de Pagamento<\/div>\n\t\t\t\t\t\t\t\t\t<div id=\"elementor-tab-title-9472\" class=\"elementor-tab-title elementor-tab-desktop-title\" aria-selected=\"false\" data-tab=\"2\" role=\"tab\" tabindex=\"-1\" aria-controls=\"elementor-tab-content-9472\" aria-expanded=\"false\">Senhas de acesso<\/div>\n\t\t\t\t\t\t\t\t\t<div id=\"elementor-tab-title-9473\" class=\"elementor-tab-title elementor-tab-desktop-title\" aria-selected=\"false\" data-tab=\"3\" role=\"tab\" tabindex=\"-1\" aria-controls=\"elementor-tab-content-9473\" aria-expanded=\"false\">Confirma\u00e7\u00e3o<\/div>\n\t\t\t\t\t\t\t\t\t<div id=\"elementor-tab-title-9474\" class=\"elementor-tab-title elementor-tab-desktop-title\" aria-selected=\"false\" data-tab=\"4\" role=\"tab\" tabindex=\"-1\" aria-controls=\"elementor-tab-content-9474\" aria-expanded=\"false\">Pol\u00edticas<\/div>\n\t\t\t\t\t\t\t<\/div>\n\t\t\t<div class=\"elementor-tabs-content-wrapper\" role=\"tablist\" aria-orientation=\"vertical\">\n\t\t\t\t\t\t\t\t\t<div class=\"elementor-tab-title elementor-tab-mobile-title\" aria-selected=\"true\" data-tab=\"1\" role=\"tab\" tabindex=\"0\" aria-controls=\"elementor-tab-content-9471\" aria-expanded=\"false\">Formas de Pagamento<\/div>\n\t\t\t\t\t<div id=\"elementor-tab-content-9471\" class=\"elementor-tab-content elementor-clearfix\" data-tab=\"1\" role=\"tabpanel\" aria-labelledby=\"elementor-tab-title-9471\" tabindex=\"0\" hidden=\"false\"><ul><li>PIX<\/li><li>Boleto Banc\u00e1rio<\/li><li>Cart\u00e3o de Cr\u00e9dito<\/li><\/ul><p>O PIX ou Cart\u00e3o de Cr\u00e9dito confirmar\u00e1 a inscri\u00e7\u00e3o em menos de 01 (um) minuto ap\u00f3s o pagamento.<\/p><\/div>\n\t\t\t\t\t\t\t\t\t<div class=\"elementor-tab-title elementor-tab-mobile-title\" aria-selected=\"false\" data-tab=\"2\" role=\"tab\" tabindex=\"-1\" aria-controls=\"elementor-tab-content-9472\" aria-expanded=\"false\">Senhas de acesso<\/div>\n\t\t\t\t\t<div id=\"elementor-tab-content-9472\" class=\"elementor-tab-content elementor-clearfix\" data-tab=\"2\" role=\"tabpanel\" aria-labelledby=\"elementor-tab-title-9472\" tabindex=\"0\" hidden=\"hidden\"><p>No ato do cadastro, voc\u00ea precisar\u00e1 criar uma senha que juntamente com seu CPF ou e-mail ser\u00e3o as credenciais para acessar sua \u00e1rea de participante posteriormente e ter acesso a todos os servi\u00e7os oferecidos no evento.<\/p><p>O login e a senha criados s\u00e3o pessoais, intransfer\u00edveis e para seu conhecimento e uso exclusivo. VOC\u00ca dever\u00e1 assegurar e proteger em quaisquer circunst\u00e2ncias a confidencialidade e a seguran\u00e7a de seu login e senha. Assim, VOC\u00ca n\u00e3o dever\u00e1 revelar suas credenciais de acesso a terceiros, nem as inserir em sistemas inform\u00e1ticos que permitam a sua descodifica\u00e7\u00e3o e c\u00f3pia, assegurando-se de que o equipamento utilizado para acesso ao nosso site se encontra devidamente protegido contra softwares maliciosos e do acesso indevido por terceiros.<\/p><p>Se voc\u00ea descumprir as obriga\u00e7\u00f5es aqui apresentadas, voc\u00ea estar\u00e1 praticando ato de exclusiva responsabilidade, sendo que eventuais preju\u00edzos decorrentes de tal ato ser\u00e3o suportados por VOC\u00ca exclusivamente.<\/p><\/div>\n\t\t\t\t\t\t\t\t\t<div class=\"elementor-tab-title elementor-tab-mobile-title\" aria-selected=\"false\" data-tab=\"3\" role=\"tab\" tabindex=\"-1\" aria-controls=\"elementor-tab-content-9473\" aria-expanded=\"false\">Confirma\u00e7\u00e3o<\/div>\n\t\t\t\t\t<div id=\"elementor-tab-content-9473\" class=\"elementor-tab-content elementor-clearfix\" data-tab=\"3\" role=\"tabpanel\" aria-labelledby=\"elementor-tab-title-9473\" tabindex=\"0\" hidden=\"hidden\"><p>Sua inscri\u00e7\u00e3o ser\u00e1 confirmada automaticamente ap\u00f3s o pagamento com Cart\u00e3o de Cr\u00e9dito ou PIX ou em at\u00e9 1 dia \u00fatil ap\u00f3s o pagamento com Boleto Banc\u00e1rio.<\/p><p>Voc\u00ea receber\u00e1 um e-mail de confirma\u00e7\u00e3o e poder\u00e1 a qualquer momento consultar o status de sua inscri\u00e7\u00e3o em <a href=\"https:\/\/cbraenn.com.br\/2025\/login\/\">Login<\/a>.<\/p><\/div>\n\t\t\t\t\t\t\t\t\t<div class=\"elementor-tab-title elementor-tab-mobile-title\" aria-selected=\"false\" data-tab=\"4\" role=\"tab\" tabindex=\"-1\" aria-controls=\"elementor-tab-content-9474\" aria-expanded=\"false\">Pol\u00edticas<\/div>\n\t\t\t\t\t<div id=\"elementor-tab-content-9474\" class=\"elementor-tab-content elementor-clearfix\" data-tab=\"4\" role=\"tabpanel\" aria-labelledby=\"elementor-tab-title-9474\" tabindex=\"0\" hidden=\"hidden\"><p style=\"background: white;\"><span style=\"font-family: 'Segoe UI', sans-serif; color: #333333;\"><b>Pol\u00edtica de Cancelamento e Reembolso<\/b><\/span><\/p><p>Caso voc\u00ea tenha efetuado a sua inscri\u00e7\u00e3o e n\u00e3o possa comparecer ao <strong>I Congresso Brasileiro de Enfermagem em Neurologia e Neurocirurgia, <\/strong>\u00a0poder\u00e1 solicitar o cancelamento da inscri\u00e7\u00e3o at\u00e9 01\/06\/2025 pelo e-mail: <strong>suporte@planoapp.com.br<\/strong>.<\/p><p><strong>Os reembolsos ser\u00e3o efetuados ap\u00f3s o Evento, respeitando-se a seguinte regra:<\/strong><br \/>\u2022 Inscri\u00e7\u00f5es canceladas at\u00e9 01\/07\/2025 \u2013 70% do valor pago, descontados os valores relativos a taxas, impostos e custos envolvidos na opera\u00e7\u00e3o banc\u00e1ria ou cart\u00e3o de cr\u00e9dito.<br \/>\u2022 Inscri\u00e7\u00f5es canceladas at\u00e9 01\/08\/2025 \u2013 50% do valor pago, descontados os valores relativos a taxas, impostos e custos envolvidos na opera\u00e7\u00e3o banc\u00e1ria ou cart\u00e3o de cr\u00e9dito.<br \/>\u2022 Inscri\u00e7\u00f5es canceladas at\u00e9 01\/09\/2025: 20% do valor pago, descontado os valores relativos a taxas, impostos e custos envolvidos na opera\u00e7\u00e3o banc\u00e1ria ou cart\u00e3o de cr\u00e9dito.<br \/>\u2022 O cancelamento solicitado ap\u00f3s 01\/09\/2025 n\u00e3o ser\u00e1 reembolsado.<\/p><p><strong><span style=\"color: #ff0000;\">ATEN\u00c7\u00c3O<\/span>:<\/strong>\u00a0somente o pr\u00f3prio congressista poder\u00e1 solicitar, quando de direito, o reembolso da inscri\u00e7\u00e3o.<br \/>Esse ser\u00e1 efetuado exclusivamente na conta corrente do pr\u00f3prio inscrito, obedecendo as regras acima. A inscri\u00e7\u00e3o \u00e9 intransfer\u00edvel.<\/p><p><span style=\"color: #000000;\"><strong>Pol\u00edtica de Cupons de Desconto<\/strong><\/span><\/p><p>Cupons promocionais oferecidos para inscri\u00e7\u00e3o no CBRAENN 2025 devem ser aplicados no momento da realiza\u00e7\u00e3o da inscri\u00e7\u00e3o, diretamente no formul\u00e1rio de pagamento.<\/p><p><b>N\u00e3o ser\u00e1 poss\u00edvel:<\/b><\/p><ul><li>Reembolsar total ou parcialmente valores j\u00e1 pagos por inscri\u00e7\u00f5es realizadas sem o uso do cupom;<\/li><li>Cancelar inscri\u00e7\u00f5es conclu\u00eddas com o objetivo de refazer o processo utilizando o desconto posteriormente recebido;<\/li><li>Aplicar retroativamente qualquer tipo de benef\u00edcio promocional.<\/li><\/ul><p><span style=\"background-color: rgba(228, 183, 154, 0); font-size: 1rem;\">\u00a0<\/span><\/p><p><span style=\"background-color: rgba(228, 183, 154, 0); font-size: 1rem;\">As campanhas de desconto s\u00e3o divulgadas com prazos espec\u00edficos e destinam-se exclusivamente a inscri\u00e7\u00f5es realizadas dentro do per\u00edodo de validade da promo\u00e7\u00e3o.<\/span><\/p><p><span style=\"background-color: rgba(228, 183, 154, 0); font-size: 1rem;\"><span style=\"color: #ff0000;\"><b>ATEN\u00c7\u00c3O<\/b><\/span>: Caso voc\u00ea tenha recebido um cupom ap\u00f3s j\u00e1 ter realizado sua inscri\u00e7\u00e3o, infelizmente n\u00e3o ser\u00e1 poss\u00edvel aplic\u00e1-lo de forma retroativa, nem oferecer reembolso do valor correspondente ao desconto.. Contamos com sua compreens\u00e3o, pois os benef\u00edcios promocionais s\u00e3o v\u00e1lidos apenas para novas inscri\u00e7\u00f5es feitas durante o per\u00edodo vigente da campanha.<\/span><\/p><p>Conhe\u00e7a a nossa <a href=\"https:\/\/cbraenn.com.br\/2025\/privacidade\/\">Pol\u00edtica de privacidade<\/a> e <a href=\"https:\/\/cbraenn.com.br\/2025\/cookies\/\">Pol\u00edtica de cookies<\/a>.<\/p><\/div>\n\t\t\t\t\t\t\t<\/div>\n\t\t<\/div>\n\t\t\t\t\t\t<\/div>\n\t\t\t\t<\/div>\n\t\t\t\t\t<\/div>\n\t\t<\/div>\n\t\t\t\t\t<\/div>\n\t\t<\/section>\n\t\t\t\t<section class=\"elementor-section elementor-top-section elementor-element elementor-element-1ff299d3 elementor-section-boxed elementor-section-height-default elementor-section-height-default\" data-id=\"1ff299d3\" data-element_type=\"section\">\n\t\t\t\t\t\t<div class=\"elementor-container elementor-column-gap-default\">\n\t\t\t\t\t<div class=\"elementor-column elementor-col-33 elementor-top-column elementor-element elementor-element-18238523\" data-id=\"18238523\" data-element_type=\"column\">\n\t\t\t<div class=\"elementor-widget-wrap\">\n\t\t\t\t\t\t\t<\/div>\n\t\t<\/div>\n\t\t\t\t<div class=\"elementor-column elementor-col-33 elementor-top-column elementor-element elementor-element-257bef4a\" data-id=\"257bef4a\" data-element_type=\"column\">\n\t\t\t<div class=\"elementor-widget-wrap elementor-element-populated\">\n\t\t\t\t\t\t<div class=\"elementor-element elementor-element-7481e682 elementor-align-justify elementor-tablet-align-center elementor-mobile-align-justify elementor-invisible elementor-widget elementor-widget-button\" data-id=\"7481e682\" data-element_type=\"widget\" data-settings=\"{&quot;_animation&quot;:&quot;fadeInUp&quot;,&quot;_animation_delay&quot;:200}\" data-widget_type=\"button.default\">\n\t\t\t\t<div class=\"elementor-widget-container\">\n\t\t\t\t\t\t\t\t\t<div class=\"elementor-button-wrapper\">\n\t\t\t\t\t<a class=\"elementor-button elementor-button-link elementor-size-lg elementor-animation-sink\" href=\"https:\/\/www.eventweb.com.br\/cbraenn2025\/\" target=\"_blank\">\n\t\t\t\t\t\t<span class=\"elementor-button-content-wrapper\">\n\t\t\t\t\t\t<span class=\"elementor-button-icon\">\n\t\t\t\t<i aria-hidden=\"true\" class=\"far fa-address-card\"><\/i>\t\t\t<\/span>\n\t\t\t\t\t\t\t\t\t<span class=\"elementor-button-text\">Iniciar Inscri\u00e7\u00e3o agora<\/span>\n\t\t\t\t\t<\/span>\n\t\t\t\t\t<\/a>\n\t\t\t\t<\/div>\n\t\t\t\t\t\t\t\t<\/div>\n\t\t\t\t<\/div>\n\t\t\t\t\t<\/div>\n\t\t<\/div>\n\t\t\t\t<div class=\"elementor-column elementor-col-33 elementor-top-column elementor-element elementor-element-5395e101\" data-id=\"5395e101\" data-element_type=\"column\">\n\t\t\t<div class=\"elementor-widget-wrap\">\n\t\t\t\t\t\t\t<\/div>\n\t\t<\/div>\n\t\t\t\t\t<\/div>\n\t\t<\/section>\n\t\t\t\t<\/div>\n\t\t","protected":false},"excerpt":{"rendered":"<p>08 e 09 de agosto de 2025, no Centro de Conven\u00e7\u00f5es Milenium, em Vila Mariana &#8211; SP Iniciar Inscri\u00e7\u00e3o agora CONGRESSO COMBOS MANH\u00c3 &#8211; 09h &#8211; 13h &#8211; Curso 01 | Hands-On: Monitoriza\u00e7\u00e3o Neurol\u00f3gica Multimodal N\u00e3o Invasiva&#8211; \u2060Curso 03 | Hands-On: Terapias de reperfus\u00e3o no AVC-I &#8211; \u2060Curso 05 | Disfagia e Suporte nutricional no [&hellip;]<\/p>\n","protected":false},"author":1,"featured_media":0,"parent":0,"menu_order":0,"comment_status":"closed","ping_status":"closed","template":"elementor_header_footer","meta":{"footnotes":""},"class_list":["post-20","page","type-page","status-publish","hentry"],"aioseo_notices":[],"_links":{"self":[{"href":"https:\/\/cbraenn.com.br\/2025\/wp-json\/wp\/v2\/pages\/20","targetHints":{"allow":["GET"]}}],"collection":[{"href":"https:\/\/cbraenn.com.br\/2025\/wp-json\/wp\/v2\/pages"}],"about":[{"href":"https:\/\/cbraenn.com.br\/2025\/wp-json\/wp\/v2\/types\/page"}],"author":[{"embeddable":true,"href":"https:\/\/cbraenn.com.br\/2025\/wp-json\/wp\/v2\/users\/1"}],"replies":[{"embeddable":true,"href":"https:\/\/cbraenn.com.br\/2025\/wp-json\/wp\/v2\/comments?post=20"}],"version-history":[{"count":97,"href":"https:\/\/cbraenn.com.br\/2025\/wp-json\/wp\/v2\/pages\/20\/revisions"}],"predecessor-version":[{"id":1872,"href":"https:\/\/cbraenn.com.br\/2025\/wp-json\/wp\/v2\/pages\/20\/revisions\/1872"}],"wp:attachment":[{"href":"https:\/\/cbraenn.com.br\/2025\/wp-json\/wp\/v2\/media?parent=20"}],"curies":[{"name":"wp","href":"https:\/\/api.w.org\/{rel}","templated":true}]}}